{"id":791,"date":"2025-08-12T19:08:30","date_gmt":"2025-08-12T19:08:30","guid":{"rendered":"https:\/\/www.jugendweihegemeinschaft.de\/webseite\/?page_id=791"},"modified":"2025-08-12T19:09:36","modified_gmt":"2025-08-12T19:09:36","slug":"camp-meet","status":"publish","type":"page","link":"https:\/\/www.jugendweihegemeinschaft.de\/webseite\/camp-meet\/","title":{"rendered":"Camp Meet"},"content":{"rendered":"\n<h2 class=\"wp-block-heading\">Das KENNENLERNENCAMP der coolsten Jugendweihe in Deutschland<\/h2>\n\n\n\n<p>Vom 26.09. bis zum 28.09 2025 findet unser Kennenlernen-Camp erstmalig im Kiez Ferienpark Feuerkuppe in Strau\u00dfberg statt. Das Camp geht dieses Jahr \u00fcber zwei Tage, also von Freitag bis Sonntag.<br>Die Anmeldung zum Camp Meet erfolgt \u00fcber Ihren Account! Die Teilnahme<br>k\u00f6nnen Sie bequem bei der <a href=\"https:\/\/www.jugendweihegemeinschaft.de\/anmeldung\/zugang\">Jugendweiheanmeldung<\/a> oder auch sp\u00e4ter ausw\u00e4hlen.<\/p>\n\n\n\n<p>Lernt euch kennen, lernt uns kennen. Im &#8222;Camp Meet&#8220; der Jugendweihegemeinschaft.<br>Zwei Tage und N\u00e4chte voller Abenteuer, Party, Spa\u00df und Sport. Teilnehmen d\u00fcrfen alle Kids zwischen 13 und 15 Jahren, die im n\u00e4chsten Jahr bei uns ihre Jugendweihe feiern.<br>Erlebt mit den Leuten der Jugendweihe ein megacooles Event. Das 22 Hektar gro\u00dfe Freigel\u00e4nde gibt viele M\u00f6glichkeiten zur Freizeitgestaltung. Die vielf\u00e4ltigen Sport- &amp; Freizeitangebote und 50 jugendgerechten Unterk\u00fcnfte machen das Kiez in der Region einzigartig. Am Abend gibt\u2018s dann noch &#8217;ne Discoparty und Kino. Das Kiez verf\u00fcgt \u00fcber eine Bowlingbahn, eine Erlebnishalle, Kino, Sport- und Spieler\u00e4ume und vieles mehr.<\/p>\n\n\n\n<p>Camp Meet vom letztem Jahr<\/p>\n\n\n\n<figure class=\"wp-block-embed is-type-video is-provider-youtube wp-block-embed-youtube wp-embed-aspect-16-9 wp-has-aspect-ratio\"><div class=\"wp-block-embed__wrapper\">\n<iframe loading=\"lazy\" title=\"Camp Meet 2024 - Jugendweihe 2025 Rothleimm\u00fchle Nordhausen\" width=\"500\" height=\"281\" src=\"https:\/\/www.youtube.com\/embed\/6amif98DnRs?feature=oembed\" frameborder=\"0\" allow=\"accelerometer; autoplay; clipboard-write; encrypted-media; gyroscope; picture-in-picture; web-share\" referrerpolicy=\"strict-origin-when-cross-origin\" allowfullscreen><\/iframe>\n<\/div><\/figure>\n\n\n\n<p><\/p>\n","protected":false},"excerpt":{"rendered":"<p>Das KENNENLERNENCAMP der coolsten Jugendweihe in Deutschland Vom 26.09. bis zum 28.09 2025 findet unser Kennenlernen-Camp erstmalig im Kiez Ferienpark [&hellip;]<\/p>\n","protected":false},"author":4,"featured_media":0,"parent":0,"menu_order":0,"comment_status":"closed","ping_status":"closed","template":"","meta":{"_uag_custom_page_level_css":"","site-sidebar-layout":"default","site-content-layout":"","ast-site-content-layout":"default","site-content-style":"default","site-sidebar-style":"default","ast-global-header-display":"","ast-banner-title-visibility":"","ast-main-header-display":"","ast-hfb-above-header-display":"","ast-hfb-below-header-display":"","ast-hfb-mobile-header-display":"","site-post-title":"","ast-breadcrumbs-content":"","ast-featured-img":"","footer-sml-layout":"","ast-disable-related-posts":"","theme-transparent-header-meta":"","adv-header-id-meta":"","stick-header-meta":"","header-above-stick-meta":"","header-main-stick-meta":"","header-below-stick-meta":"","astra-migrate-meta-layouts":"default","ast-page-background-enabled":"default","ast-page-background-meta":{"desktop":{"background-color":"var(--ast-global-color-4)","background-image":"","background-repeat":"repeat","background-position":"center center","background-size":"auto","background-attachment":"scroll","background-type":"","background-media":"","overlay-type":"","overlay-color":"","overlay-opacity":"","overlay-gradient":""},"tablet":{"background-color":"","background-image":"","background-repeat":"repeat","background-position":"center center","background-size":"auto","background-attachment":"scroll","background-type":"","background-media":"","overlay-type":"","overlay-color":"","overlay-opacity":"","overlay-gradient":""},"mobile":{"background-color":"","background-image":"","background-repeat":"repeat","background-position":"center center","background-size":"auto","background-attachment":"scroll","background-type":"","background-media":"","overlay-type":"","overlay-color":"","overlay-opacity":"","overlay-gradient":""}},"ast-content-background-meta":{"desktop":{"background-color":"var(--ast-global-color-5)","background-image":"","background-repeat":"repeat","background-position":"center center","background-size":"auto","background-attachment":"scroll","background-type":"","background-media":"","overlay-type":"","overlay-color":"","overlay-opacity":"","overlay-gradient":""},"tablet":{"background-color":"var(--ast-global-color-5)","background-image":"","background-repeat":"repeat","background-position":"center center","background-size":"auto","background-attachment":"scroll","background-type":"","background-media":"","overlay-type":"","overlay-color":"","overlay-opacity":"","overlay-gradient":""},"mobile":{"background-color":"var(--ast-global-color-5)","background-image":"","background-repeat":"repeat","background-position":"center center","background-size":"auto","background-attachment":"scroll","background-type":"","background-media":"","overlay-type":"","overlay-color":"","overlay-opacity":"","overlay-gradient":""}},"footnotes":""},"class_list":["post-791","page","type-page","status-publish","hentry"],"uagb_featured_image_src":{"full":false,"thumbnail":false,"medium":false,"medium_large":false,"large":false,"1536x1536":false,"2048x2048":false},"uagb_author_info":{"display_name":"bartlos","author_link":"https:\/\/www.jugendweihegemeinschaft.de\/webseite\/author\/aygfkqdlwrvb\/"},"uagb_comment_info":0,"uagb_excerpt":"Das KENNENLERNENCAMP der coolsten Jugendweihe in Deutschland Vom 26.09. bis zum 28.09 2025 findet unser Kennenlernen-Camp erstmalig im Kiez Ferienpark [&hellip;]","_links":{"self":[{"href":"https:\/\/www.jugendweihegemeinschaft.de\/webseite\/wp-json\/wp\/v2\/pages\/791","targetHints":{"allow":["GET"]}}],"collection":[{"href":"https:\/\/www.jugendweihegemeinschaft.de\/webseite\/wp-json\/wp\/v2\/pages"}],"about":[{"href":"https:\/\/www.jugendweihegemeinschaft.de\/webseite\/wp-json\/wp\/v2\/types\/page"}],"author":[{"embeddable":true,"href":"https:\/\/www.jugendweihegemeinschaft.de\/webseite\/wp-json\/wp\/v2\/users\/4"}],"replies":[{"embeddable":true,"href":"https:\/\/www.jugendweihegemeinschaft.de\/webseite\/wp-json\/wp\/v2\/comments?post=791"}],"version-history":[{"count":2,"href":"https:\/\/www.jugendweihegemeinschaft.de\/webseite\/wp-json\/wp\/v2\/pages\/791\/revisions"}],"predecessor-version":[{"id":793,"href":"https:\/\/www.jugendweihegemeinschaft.de\/webseite\/wp-json\/wp\/v2\/pages\/791\/revisions\/793"}],"wp:attachment":[{"href":"https:\/\/www.jugendweihegemeinschaft.de\/webseite\/wp-json\/wp\/v2\/media?parent=791"}],"curies":[{"name":"wp","href":"https:\/\/api.w.org\/{rel}","templated":true}]}}