{"id":58,"date":"2025-01-27T17:18:32","date_gmt":"2025-01-27T17:18:32","guid":{"rendered":"https:\/\/www.jugendweihegemeinschaft.de\/webseite\/?page_id=58"},"modified":"2025-01-27T18:40:29","modified_gmt":"2025-01-27T18:40:29","slug":"pricing","status":"publish","type":"page","link":"https:\/\/www.jugendweihegemeinschaft.de\/webseite\/pricing\/","title":{"rendered":"Pricing"},"content":{"rendered":"\n<div class=\"wp-block-uagb-container uagb-block-89d139e4 alignfull uagb-is-root-container\"><div class=\"uagb-container-inner-blocks-wrap\">\n<div class=\"wp-block-uagb-info-box uagb-block-23cffae8 uagb-infobox__content-wrap  uagb-infobox-icon-above-title uagb-infobox-image-valign-top\"><div class=\"uagb-ifb-content\"><div class=\"uagb-ifb-title-wrap\"><span class=\"uagb-ifb-title-prefix\">Preise<\/span><h1 class=\"uagb-ifb-title\">Teilnahmegeb\u00fchren<\/h1><\/div><p class=\"uagb-ifb-desc\">Erfahren Sie mehr \u00fcber die transparenten Teilnahmegeb\u00fchren und wie Ihr Beitrag direkt in die Gestaltung unserer Jugendweihe-Veranstaltungen flie\u00dft.<\/p><\/div><\/div>\n\n\n\n<div class=\"wp-block-uagb-container uagb-layout-grid uagb-block-7d5a5c0f\">\n<div class=\"wp-block-uagb-image uagb-block-a140edbd wp-block-uagb-image--layout-default wp-block-uagb-image--effect-static wp-block-uagb-image--align-none\"><figure class=\"wp-block-uagb-image__figure\"><img decoding=\"async\" srcset=\"https:\/\/www.jugendweihegemeinschaft.de\/webseite\/wp-content\/uploads\/2025\/01\/fashionday-201874.jpg ,https:\/\/www.jugendweihegemeinschaft.de\/webseite\/wp-content\/uploads\/2025\/01\/fashionday-201874.jpg 780w, https:\/\/www.jugendweihegemeinschaft.de\/webseite\/wp-content\/uploads\/2025\/01\/fashionday-201874.jpg 360w\" sizes=\"auto, (max-width: 480px) 150px\" src=\"https:\/\/www.jugendweihegemeinschaft.de\/webseite\/wp-content\/uploads\/2025\/01\/fashionday-201874.jpg\" alt=\"\" class=\"uag-image-307\" width=\"600\" height=\"300\" title=\"pricing-01\" loading=\"lazy\" role=\"img\"\/><\/figure><\/div>\n\n\n\n<div class=\"wp-block-uagb-image uagb-block-eb86326e wp-block-uagb-image--layout-default wp-block-uagb-image--effect-static wp-block-uagb-image--align-none\"><figure class=\"wp-block-uagb-image__figure\"><img decoding=\"async\" srcset=\"https:\/\/www.jugendweihegemeinschaft.de\/webseite\/wp-content\/uploads\/2025\/01\/img-6620-resize.jpg ,https:\/\/www.jugendweihegemeinschaft.de\/webseite\/wp-content\/uploads\/2025\/01\/img-6620-resize.jpg 780w, https:\/\/www.jugendweihegemeinschaft.de\/webseite\/wp-content\/uploads\/2025\/01\/img-6620-resize.jpg 360w\" sizes=\"auto, (max-width: 480px) 150px\" src=\"https:\/\/www.jugendweihegemeinschaft.de\/webseite\/wp-content\/uploads\/2025\/01\/img-6620-resize.jpg\" alt=\"img-6620-resize\" class=\"uag-image-313\" width=\"600\" height=\"300\" title=\"img-6620-resize\" loading=\"lazy\" role=\"img\"\/><\/figure><\/div>\n\n\n\n<div class=\"wp-block-uagb-image uagb-block-9f81ae63 wp-block-uagb-image--layout-default wp-block-uagb-image--effect-static wp-block-uagb-image--align-none\"><figure class=\"wp-block-uagb-image__figure\"><img decoding=\"async\" srcset=\"https:\/\/www.jugendweihegemeinschaft.de\/webseite\/wp-content\/uploads\/2025\/01\/7817-resize.jpg ,https:\/\/www.jugendweihegemeinschaft.de\/webseite\/wp-content\/uploads\/2025\/01\/7817-resize.jpg 780w, https:\/\/www.jugendweihegemeinschaft.de\/webseite\/wp-content\/uploads\/2025\/01\/7817-resize.jpg 360w\" sizes=\"auto, (max-width: 480px) 150px\" src=\"https:\/\/www.jugendweihegemeinschaft.de\/webseite\/wp-content\/uploads\/2025\/01\/7817-resize.jpg\" alt=\"7817-resize\" class=\"uag-image-314\" width=\"600\" height=\"300\" title=\"7817-resize\" loading=\"lazy\" role=\"img\"\/><\/figure><\/div>\n<\/div>\n<\/div><\/div>\n\n\n\n<div class=\"wp-block-uagb-container uagb-block-faa9c9fa alignfull uagb-is-root-container\"><div class=\"uagb-container-inner-blocks-wrap\">\n<div class=\"wp-block-uagb-advanced-heading uagb-block-7a315f25\"><h2 class=\"uagb-heading-text\">Unsere Preisgestaltung<\/h2><\/div>\n\n\n\n<div class=\"wp-block-uagb-container uagb-layout-grid uagb-block-643cf3a1\">\n<div class=\"wp-block-uagb-container uagb-block-8da1c1d9\">\n<div class=\"wp-block-uagb-info-box uagb-block-c1d5a779 uagb-infobox__content-wrap  uagb-infobox-icon-above-title uagb-infobox-image-valign-top\"><div class=\"uagb-ifb-content\"><div class=\"uagb-ifb-title-wrap\"><h3 class=\"uagb-ifb-title-prefix\">Teilnahmegeb\u00fchr<\/h3><h4 class=\"uagb-ifb-title\">Der Jugendweihling<\/h4><\/div><p class=\"uagb-ifb-desc\">zahlt eine einmalige Geb\u00fchr von<\/p><\/div><\/div>\n\n\n\n<div class=\"wp-block-uagb-buttons uagb-buttons__outer-wrap uagb-btn__default-btn uagb-btn-tablet__default-btn uagb-btn-mobile__default-btn uagb-block-f1b180a7\"><div class=\"uagb-buttons__wrap uagb-buttons-layout-wrap \">\n<div class=\"wp-block-uagb-buttons-child uagb-buttons__outer-wrap uagb-block-12aded38 wp-block-button\"><div class=\"uagb-button__wrapper\"><a class=\"uagb-buttons-repeater wp-block-button__link\" aria-label=\"\" href=\"#\" rel=\"follow noopener\" target=\"_self\" role=\"button\"><div class=\"uagb-button__link\">135\u20ac<\/div><\/a><\/div><\/div>\n<\/div><\/div>\n\n\n\n<div class=\"wp-block-uagb-icon-list uagb-block-1e7a21b1\"><div class=\"uagb-icon-list__wrap\">\n<div class=\"wp-block-uagb-icon-list-child uagb-block-d8602589\"><span class=\"uagb-icon-list__source-wrap\"><svg xmlns=\"https:\/\/www.w3.org\/2000\/svg\" viewBox=\"0 0 448 512\"><path d=\"M438.6 105.4C451.1 117.9 451.1 138.1 438.6 150.6L182.6 406.6C170.1 419.1 149.9 419.1 137.4 406.6L9.372 278.6C-3.124 266.1-3.124 245.9 9.372 233.4C21.87 220.9 42.13 220.9 54.63 233.4L159.1 338.7L393.4 105.4C405.9 92.88 426.1 92.88 438.6 105.4H438.6z\"><\/path><\/svg><\/span><span class=\"uagb-icon-list__label\">Teilnahme an der Gro\u00dfartigen Jugendweihe<\/span><\/div>\n\n\n\n<div class=\"wp-block-uagb-icon-list-child uagb-block-cbafa8a3\"><span class=\"uagb-icon-list__source-wrap\"><svg xmlns=\"https:\/\/www.w3.org\/2000\/svg\" viewBox=\"0 0 448 512\"><path d=\"M438.6 105.4C451.1 117.9 451.1 138.1 438.6 150.6L182.6 406.6C170.1 419.1 149.9 419.1 137.4 406.6L9.372 278.6C-3.124 266.1-3.124 245.9 9.372 233.4C21.87 220.9 42.13 220.9 54.63 233.4L159.1 338.7L393.4 105.4C405.9 92.88 426.1 92.88 438.6 105.4H438.6z\"><\/path><\/svg><\/span><span class=\"uagb-icon-list__label\">Geschenk und Blumen<\/span><\/div>\n\n\n\n<div class=\"wp-block-uagb-icon-list-child uagb-block-6942ec83\"><span class=\"uagb-icon-list__source-wrap\"><svg xmlns=\"https:\/\/www.w3.org\/2000\/svg\" viewBox=\"0 0 448 512\"><path d=\"M438.6 105.4C451.1 117.9 451.1 138.1 438.6 150.6L182.6 406.6C170.1 419.1 149.9 419.1 137.4 406.6L9.372 278.6C-3.124 266.1-3.124 245.9 9.372 233.4C21.87 220.9 42.13 220.9 54.63 233.4L159.1 338.7L393.4 105.4C405.9 92.88 426.1 92.88 438.6 105.4H438.6z\"><\/path><\/svg><\/span><span class=\"uagb-icon-list__label\">Video der Veranstaltung<\/span><\/div>\n<\/div><\/div>\n<\/div>\n\n\n\n<div class=\"wp-block-uagb-container uagb-block-c63af7d6\">\n<div class=\"wp-block-uagb-info-box uagb-block-7e1bfd55 uagb-infobox__content-wrap  uagb-infobox-icon-above-title uagb-infobox-image-valign-top\"><div class=\"uagb-ifb-content\"><div class=\"uagb-ifb-title-wrap\"><h3 class=\"uagb-ifb-title-prefix\">Kartenpreis<\/h3><h4 class=\"uagb-ifb-title\">F\u00fcr Zuschauer und Eltern<\/h4><\/div><p class=\"uagb-ifb-desc\">Unsere G\u00e4ste bezahlen pro eintrittskarte nur<\/p><\/div><\/div>\n\n\n\n<div class=\"wp-block-uagb-buttons uagb-buttons__outer-wrap uagb-btn__default-btn uagb-btn-tablet__default-btn uagb-btn-mobile__default-btn uagb-block-9ee75330\"><div class=\"uagb-buttons__wrap uagb-buttons-layout-wrap \">\n<div class=\"wp-block-uagb-buttons-child uagb-buttons__outer-wrap uagb-block-79f06915 wp-block-button\"><div class=\"uagb-button__wrapper\"><a class=\"uagb-buttons-repeater wp-block-button__link\" aria-label=\"\" href=\"#\" rel=\"follow noopener\" target=\"_self\" role=\"button\"><div class=\"uagb-button__link\">17\u20ac<\/div><\/a><\/div><\/div>\n<\/div><\/div>\n\n\n\n<div class=\"wp-block-uagb-icon-list uagb-block-edbc27a9\"><div class=\"uagb-icon-list__wrap\">\n<div class=\"wp-block-uagb-icon-list-child uagb-block-e2cd6c6f\"><span class=\"uagb-icon-list__source-wrap\"><svg xmlns=\"https:\/\/www.w3.org\/2000\/svg\" viewBox=\"0 0 448 512\"><path d=\"M438.6 105.4C451.1 117.9 451.1 138.1 438.6 150.6L182.6 406.6C170.1 419.1 149.9 419.1 137.4 406.6L9.372 278.6C-3.124 266.1-3.124 245.9 9.372 233.4C21.87 220.9 42.13 220.9 54.63 233.4L159.1 338.7L393.4 105.4C405.9 92.88 426.1 92.88 438.6 105.4H438.6z\"><\/path><\/svg><\/span><span class=\"uagb-icon-list__label\">Teilnahme an der gro\u00dfartigen Veranstaltung<\/span><\/div>\n<\/div><\/div>\n<\/div>\n<\/div>\n<\/div><\/div>\n\n\n\n<div class=\"wp-block-uagb-container uagb-block-29feaa4c alignfull uagb-is-root-container\"><div class=\"uagb-container-inner-blocks-wrap\">\n<div class=\"wp-block-uagb-info-box uagb-block-24d9bd84 uagb-infobox__content-wrap  uagb-infobox-icon-above-title uagb-infobox-image-valign-top\"><div class=\"uagb-ifb-content\"><div class=\"uagb-ifb-title-wrap\"><span class=\"uagb-ifb-title-prefix\">Wie wir arbeiten<\/span><h2 class=\"uagb-ifb-title\">Unsere Arbeitsweise<\/h2><\/div><p class=\"uagb-ifb-desc\">Entdecke die Schritte, die wir unternehmen, um unvergessliche Veranstaltungen zu schaffen.<\/p><\/div><\/div>\n\n\n\n<div class=\"wp-block-uagb-container uagb-block-bcc0d1c9\">\n<div class=\"wp-block-uagb-container uagb-block-1c9de4ea\">\n<div class=\"wp-block-uagb-image alignleft uagb-block-74c7fb9a wp-block-uagb-image--layout-default wp-block-uagb-image--effect-static wp-block-uagb-image--align-left\"><figure class=\"wp-block-uagb-image__figure\"><img decoding=\"async\" srcset=\"https:\/\/www.jugendweihegemeinschaft.de\/webseite\/wp-content\/uploads\/2025\/01\/img-9705.jpg ,https:\/\/www.jugendweihegemeinschaft.de\/webseite\/wp-content\/uploads\/2025\/01\/img-9705.jpg 780w, https:\/\/www.jugendweihegemeinschaft.de\/webseite\/wp-content\/uploads\/2025\/01\/img-9705.jpg 360w\" sizes=\"auto, (max-width: 480px) 150px\" src=\"https:\/\/www.jugendweihegemeinschaft.de\/webseite\/wp-content\/uploads\/2025\/01\/img-9705.jpg\" alt=\"\" class=\"uag-image-304\" width=\"362\" height=\"300\" title=\"work-01\" loading=\"lazy\" role=\"img\"\/><\/figure><\/div>\n\n\n\n<div class=\"wp-block-uagb-advanced-heading uagb-block-2805baaa\"><p class=\"uagb-desc-text\">Schritt 1<\/p><h3 class=\"uagb-heading-text\">Planung<\/h3><\/div>\n<\/div>\n\n\n\n<div class=\"wp-block-uagb-container uagb-block-6a83d5fa\">\n<div class=\"wp-block-uagb-image alignleft uagb-block-b143d4f1 wp-block-uagb-image--layout-default wp-block-uagb-image--effect-static wp-block-uagb-image--align-left\"><figure class=\"wp-block-uagb-image__figure\"><img decoding=\"async\" srcset=\"https:\/\/www.jugendweihegemeinschaft.de\/webseite\/wp-content\/uploads\/2025\/01\/img-6620-resize.jpg ,https:\/\/www.jugendweihegemeinschaft.de\/webseite\/wp-content\/uploads\/2025\/01\/img-6620-resize.jpg 780w, https:\/\/www.jugendweihegemeinschaft.de\/webseite\/wp-content\/uploads\/2025\/01\/img-6620-resize.jpg 360w\" sizes=\"auto, (max-width: 480px) 150px\" src=\"https:\/\/www.jugendweihegemeinschaft.de\/webseite\/wp-content\/uploads\/2025\/01\/img-6620-resize.jpg\" alt=\"\" class=\"uag-image-313\" width=\"362\" height=\"300\" title=\"work-02\" loading=\"lazy\" role=\"img\"\/><\/figure><\/div>\n\n\n\n<div class=\"wp-block-uagb-advanced-heading uagb-block-f3d0b3cd\"><p class=\"uagb-desc-text\">Schritt 2<\/p><h3 class=\"uagb-heading-text\">Durchf\u00fchrung<\/h3><\/div>\n<\/div>\n\n\n\n<div class=\"wp-block-uagb-container uagb-block-3e54e157\">\n<div class=\"wp-block-uagb-image alignleft uagb-block-fef78c44 wp-block-uagb-image--layout-default wp-block-uagb-image--effect-static wp-block-uagb-image--align-left\"><figure class=\"wp-block-uagb-image__figure\"><img decoding=\"async\" srcset=\"https:\/\/www.jugendweihegemeinschaft.de\/webseite\/wp-content\/uploads\/2025\/01\/img-3118-resize.jpg ,https:\/\/www.jugendweihegemeinschaft.de\/webseite\/wp-content\/uploads\/2025\/01\/img-3118-resize.jpg 780w, https:\/\/www.jugendweihegemeinschaft.de\/webseite\/wp-content\/uploads\/2025\/01\/img-3118-resize.jpg 360w\" sizes=\"auto, (max-width: 480px) 150px\" src=\"https:\/\/www.jugendweihegemeinschaft.de\/webseite\/wp-content\/uploads\/2025\/01\/img-3118-resize.jpg\" alt=\"\" class=\"uag-image-318\" width=\"362\" height=\"300\" title=\"work-03\" loading=\"lazy\" role=\"img\"\/><\/figure><\/div>\n\n\n\n<div class=\"wp-block-uagb-advanced-heading uagb-block-f5869ec3\"><p class=\"uagb-desc-text\">Schritt 3<\/p><h3 class=\"uagb-heading-text\">Nachbereitung<\/h3><\/div>\n<\/div>\n<\/div>\n<\/div><\/div>\n\n\n\n<div class=\"wp-block-uagb-container uagb-layout-grid uagb-block-37ce08f6 alignfull uagb-is-root-container\"><div class=\"uagb-container-inner-blocks-wrap\">\n<div class=\"wp-block-uagb-image alignleft uagb-block-78cc9666 wp-block-uagb-image--layout-default wp-block-uagb-image--effect-static wp-block-uagb-image--align-left\"><figure class=\"wp-block-uagb-image__figure\"><img decoding=\"async\" srcset=\"https:\/\/www.jugendweihegemeinschaft.de\/webseite\/wp-content\/uploads\/2025\/01\/9506.jpg ,https:\/\/www.jugendweihegemeinschaft.de\/webseite\/wp-content\/uploads\/2025\/01\/9506.jpg 780w, https:\/\/www.jugendweihegemeinschaft.de\/webseite\/wp-content\/uploads\/2025\/01\/9506.jpg 360w\" sizes=\"auto, (max-width: 480px) 150px\" src=\"https:\/\/www.jugendweihegemeinschaft.de\/webseite\/wp-content\/uploads\/2025\/01\/9506.jpg\" alt=\"\" class=\"uag-image-368\" width=\"366\" height=\"450\" title=\"9506\" loading=\"lazy\" role=\"img\"\/><\/figure><\/div>\n\n\n\n<div class=\"wp-block-uagb-container uagb-block-03b43c7a\">\n<div class=\"wp-block-uagb-info-box uagb-block-24142a31 uagb-infobox__content-wrap  uagb-infobox-icon-above-title uagb-infobox-image-valign-top\"><div class=\"uagb-ifb-content\"><div class=\"uagb-ifb-title-wrap\"><h2 class=\"uagb-ifb-title\">Kontaktieren Sie uns heute<\/h2><\/div><p class=\"uagb-ifb-desc\">Erfahren Sie mehr \u00fcber die Jugendweihe und wie Sie sich engagieren k\u00f6nnen, um unsere Gemeinschaft zu unterst\u00fctzen.<\/p><div class=\"uagb-ifb-button-wrapper wp-block-button\"><a href=\"\/webseite\/mitglied-im-verein\" class=\"uagb-infobox-cta-link wp-block-button__link\" target=\"_blank\" rel=\"noopener noreferrer\" onclick=\"return true;\"><span class=\"uagb-inline-editing\">Jetzt Mitmachen<\/span><\/a><\/div><\/div><\/div>\n\n\n\n<div class=\"wp-block-uagb-advanced-heading uagb-block-97b1538c\"><p class=\"uagb-desc-text\">Oder<\/p><h3 class=\"uagb-heading-text\">Kontaktieren Sie uns: 01712809650<\/h3><\/div>\n<\/div>\n\n\n\n<div class=\"wp-block-uagb-image alignleft uagb-block-030fb91a wp-block-uagb-image--layout-default wp-block-uagb-image--effect-static wp-block-uagb-image--align-left\"><figure class=\"wp-block-uagb-image__figure\"><img decoding=\"async\" srcset=\"https:\/\/www.jugendweihegemeinschaft.de\/webseite\/wp-content\/uploads\/2025\/01\/IMG_0136_resize.jpg ,https:\/\/www.jugendweihegemeinschaft.de\/webseite\/wp-content\/uploads\/2025\/01\/IMG_0136_resize.jpg 780w, https:\/\/www.jugendweihegemeinschaft.de\/webseite\/wp-content\/uploads\/2025\/01\/IMG_0136_resize.jpg 360w\" sizes=\"auto, (max-width: 480px) 150px\" src=\"https:\/\/www.jugendweihegemeinschaft.de\/webseite\/wp-content\/uploads\/2025\/01\/IMG_0136_resize.jpg\" alt=\"\" class=\"uag-image-367\" width=\"320\" height=\"400\" title=\"IMG_0136_resize\" loading=\"lazy\" role=\"img\"\/><\/figure><\/div>\n<\/div><\/div>\n","protected":false},"excerpt":{"rendered":"<p>Unsere Preisgestaltung Schritt 1 Planung Schritt 2 Durchf\u00fchrung Schritt 3 Nachbereitung<\/p>\n","protected":false},"author":4,"featured_media":0,"parent":0,"menu_order":0,"comment_status":"closed","ping_status":"closed","template":"","meta":{"_uag_custom_page_level_css":"","site-sidebar-layout":"default","site-content-layout":"","ast-site-content-layout":"default","site-content-style":"default","site-sidebar-style":"default","ast-global-header-display":"","ast-banner-title-visibility":"","ast-main-header-display":"","ast-hfb-above-header-display":"","ast-hfb-below-header-display":"","ast-hfb-mobile-header-display":"","site-post-title":"disabled","ast-breadcrumbs-content":"","ast-featured-img":"","footer-sml-layout":"","ast-disable-related-posts":"","theme-transparent-header-meta":"","adv-header-id-meta":"","stick-header-meta":"","header-above-stick-meta":"","header-main-stick-meta":"","header-below-stick-meta":"","astra-migrate-meta-layouts":"default","ast-page-background-enabled":"default","ast-page-background-meta":{"desktop":{"background-color":"var(--ast-global-color-4)","background-image":"","background-repeat":"repeat","background-position":"center center","background-size":"auto","background-attachment":"scroll","background-type":"","background-media":"","overlay-type":"","overlay-color":"","overlay-opacity":"","overlay-gradient":""},"tablet":{"background-color":"","background-image":"","background-repeat":"repeat","background-position":"center center","background-size":"auto","background-attachment":"scroll","background-type":"","background-media":"","overlay-type":"","overlay-color":"","overlay-opacity":"","overlay-gradient":""},"mobile":{"background-color":"","background-image":"","background-repeat":"repeat","background-position":"center center","background-size":"auto","background-attachment":"scroll","background-type":"","background-media":"","overlay-type":"","overlay-color":"","overlay-opacity":"","overlay-gradient":""}},"ast-content-background-meta":{"desktop":{"background-color":"var(--ast-global-color-5)","background-image":"","background-repeat":"repeat","background-position":"center center","background-size":"auto","background-attachment":"scroll","background-type":"","background-media":"","overlay-type":"","overlay-color":"","overlay-opacity":"","overlay-gradient":""},"tablet":{"background-color":"var(--ast-global-color-5)","background-image":"","background-repeat":"repeat","background-position":"center center","background-size":"auto","background-attachment":"scroll","background-type":"","background-media":"","overlay-type":"","overlay-color":"","overlay-opacity":"","overlay-gradient":""},"mobile":{"background-color":"var(--ast-global-color-5)","background-image":"","background-repeat":"repeat","background-position":"center center","background-size":"auto","background-attachment":"scroll","background-type":"","background-media":"","overlay-type":"","overlay-color":"","overlay-opacity":"","overlay-gradient":""}},"footnotes":""},"class_list":["post-58","page","type-page","status-publish","hentry"],"uagb_featured_image_src":{"full":false,"thumbnail":false,"medium":false,"medium_large":false,"large":false,"1536x1536":false,"2048x2048":false},"uagb_author_info":{"display_name":"bartlos","author_link":"https:\/\/www.jugendweihegemeinschaft.de\/webseite\/author\/aygfkqdlwrvb\/"},"uagb_comment_info":0,"uagb_excerpt":"Unsere Preisgestaltung Schritt 1 Planung Schritt 2 Durchf\u00fchrung Schritt 3 Nachbereitung","_links":{"self":[{"href":"https:\/\/www.jugendweihegemeinschaft.de\/webseite\/wp-json\/wp\/v2\/pages\/58","targetHints":{"allow":["GET"]}}],"collection":[{"href":"https:\/\/www.jugendweihegemeinschaft.de\/webseite\/wp-json\/wp\/v2\/pages"}],"about":[{"href":"https:\/\/www.jugendweihegemeinschaft.de\/webseite\/wp-json\/wp\/v2\/types\/page"}],"author":[{"embeddable":true,"href":"https:\/\/www.jugendweihegemeinschaft.de\/webseite\/wp-json\/wp\/v2\/users\/4"}],"replies":[{"embeddable":true,"href":"https:\/\/www.jugendweihegemeinschaft.de\/webseite\/wp-json\/wp\/v2\/comments?post=58"}],"version-history":[{"count":2,"href":"https:\/\/www.jugendweihegemeinschaft.de\/webseite\/wp-json\/wp\/v2\/pages\/58\/revisions"}],"predecessor-version":[{"id":346,"href":"https:\/\/www.jugendweihegemeinschaft.de\/webseite\/wp-json\/wp\/v2\/pages\/58\/revisions\/346"}],"wp:attachment":[{"href":"https:\/\/www.jugendweihegemeinschaft.de\/webseite\/wp-json\/wp\/v2\/media?parent=58"}],"curies":[{"name":"wp","href":"https:\/\/api.w.org\/{rel}","templated":true}]}}