{"id":467,"date":"2025-01-31T22:12:04","date_gmt":"2025-01-31T22:12:04","guid":{"rendered":"https:\/\/www.jugendweihegemeinschaft.de\/webseite\/?page_id=467"},"modified":"2025-01-31T22:12:04","modified_gmt":"2025-01-31T22:12:04","slug":"agb","status":"publish","type":"page","link":"https:\/\/www.jugendweihegemeinschaft.de\/webseite\/agb\/","title":{"rendered":"agb"},"content":{"rendered":"\n<p><strong>Allgemeine Gesch\u00e4ftsbedingungen<\/strong><\/p>\n\n\n\n<p>der Jugendweihegemeinschaft e.V. Nordhausen<\/p>\n\n\n\n<p><strong>\u00a7 1 Geltungsbereich \/ Anbieter<\/strong><\/p>\n\n\n\n<p>Anbieter und Vertragspartner ist &nbsp;die Jugendweihegemeinschaft e.V. Nordhausen. Alle Informationen finden Sie auf unserer Internetseite <strong>www.jugendweihegemeinschaft.de <\/strong>im Impressum.<\/p>\n\n\n\n<p>F\u00fcr s\u00e4mtliche Vertr\u00e4ge zwischen der Jugendweihegemeinschaft e.V. Nordhausen und dem anderen Vertragspartner gelten die nachfolgenden Allgemeinen Gesch\u00e4ftsbedingungen. Ma\u00dfgeblich ist die jeweils zum Zeitpunkt des Vertragsschlusses g\u00fcltige Fassung.<\/p>\n\n\n\n<p>Abweichende, entgegenstehende oder erg\u00e4nzende Allgemeine Gesch\u00e4ftsbedingungen werden nicht Vertragsbestandteil, es sei denn, ihrer Geltung wird ausdr\u00fccklich zugestimmt.<\/p>\n\n\n\n<p><strong>\u00a7 2 Vertragsschluss<\/strong><\/p>\n\n\n\n<p>Die Angebote der Jugendweihegemeinschaft e.V. Nordhausen stellt kein rechtlich bindendes Angebot, sondern eine unverbindliche Aufforderung an den Interessenten dar, ein verbindliches Angebot abzugeben.<\/p>\n\n\n\n<p>Die Abgabe des Angebots erfolgt durch Nutzung der von der Jugendweihe-gemeinschaft e.V. Nordhausen auf der Internetseite zur Verf\u00fcgung gestellten Eingabemasken oder durch Nutzung des zum Ausdruck bereitgehaltenen Formulars. Mit der Absendung der Daten an die Jugendweihegemeinschaft e.V. Nordhausen per Internet oder per Post gibt der Interessent ein verbindliches Angebot ab. Die Jugendweihegemeinschaft e.V. Nordhausen ist nicht verpflichtet, das Angebot des Interessenten anzunehmen. Nach Zugang der Mail oder des Telefax bei der Jugendweihegemeinschaft e.V. Nordhausen erh\u00e4lt der Interessent unverz\u00fcglich eine Eingangsbest\u00e4tigung. In der Eingangsbest\u00e4tigung werden die Details des Vertrages wiedergegeben. Die Eingangsbest\u00e4tigung ist noch keine Annahme des Angebots durch die Jugendweihegemeinschaft e.V. Nordhausen.<\/p>\n\n\n\n<p>Die Jugendweihegemeinschaft e.V. Nordhausen kann das Angebot durch Zusendung einer Auftragsbest\u00e4tigung annehmen. Die Auftragsbest\u00e4tigung kann auch gleichzeitig mit der Eingangsbest\u00e4tigung verbunden sein. Erh\u00e4lt der Interessent nicht binnen 14 Tagen eine Auftragsbest\u00e4tigung, ist er an sein Angebot nicht mehr gebunden.<\/p>\n\n\n\n<p>Die Anmeldung der Angebote der Jugendweihegemeinschaft e.V. Nordhausen ist erst nach vollst\u00e4ndiger Bezahlung rechtskr\u00e4ftig.<\/p>\n\n\n\n<p><strong>\u00a7 3 Preise<\/strong><\/p>\n\n\n\n<p>Der Preis der zus\u00e4tzlichen Eintrittskarte versteht sich inklusive der jeweils g\u00fcltigen gesetzlichen Mehrwertsteuer, ohne Kosten des Versands, sofern Versandkosten anfallen. Alle weiteren Preise sind von der Mehrwertsteuer befreit.<\/p>\n\n\n\n<p><strong>\u00a7 4 Zahlungsbedingungen \/ R\u00fccktritt<\/strong><\/p>\n\n\n\n<p>Die Zahlung ist mit Zusendung der Auftragsbest\u00e4tigung durch die Jugendweihegemeinschaft e.V. Nordhausen f\u00e4llig. Die Zahlung erfolgt durch \u00dcberweisung oder Einzahlung &nbsp;innerhalb von 4 Wochen. Zahlt der Vertrags-partner nach Erhalt der Auftragsbest\u00e4tigung nicht &nbsp;kommt er durch Mahnung der Jugendweihegemeinschaft e.V. Nordhausen in Verzug. Die Jugendweihegemein-schaft e.V. Nordhausen ist nach Verzugseintritt berechtigt, vom Vertrag zur\u00fcck-zutreten. Das Recht der Jugendweihegemeinschaft e.V. Nordhausen Schadener-satz zu verlangen, bleibt vom R\u00fccktritt unber\u00fchrt.<\/p>\n\n\n\n<p>R\u00fccktrittsfristen<\/p>\n\n\n\n<p>Die Anmeldung zur Jugendweihe kann nur schriftlich gek\u00fcndigt werden. Bei Abmeldung bis 31.01. entstehen keine Kosten. Nach Ablauf des o.g. Termins erfolgt nur in Ausnahmef\u00e4llen eine R\u00fcckerstattung.<\/p>\n\n\n\n<p><strong>\u00a7 5 Haftung<\/strong><\/p>\n\n\n\n<p>Bei Vorsatz oder grober Fahrl\u00e4ssigkeit haftet die Jugendweihegemeinschaft e.V. Nordhausen f\u00fcr alle darauf zur\u00fcckzuf\u00fchrenden Sch\u00e4den unbeschr\u00e4nkt.<\/p>\n\n\n\n<p>Bei leichter Fahrl\u00e4ssigkeit haftet die Jugendweihegemeinschaft e.V. Nordhausen im Falle der Verletzung des Lebens, des K\u00f6rpers oder der Gesundheit unbe-schr\u00e4nkt. Wenn die Jugendweihegemeinschaft e.V. Nordhausen durch leichte Fahrl\u00e4ssigkeit mit ihrer Leistung in Verzug geraten ist, wenn ihre Leistung unm\u00f6glich geworden ist oder wenn die Jugendweihegemeinschaft e.V. Nordhausen eine wesentliche Pflicht verletzt hat, ist die Haftung f\u00fcr darauf zur\u00fcckzuf\u00fchrende Sach- und Verm\u00f6genssch\u00e4den, auf den vertragstypischen vorhersehbaren Schaden begrenzt. Eine wesentliche Pflicht ist eine solche, deren Erf\u00fcllung die ordnungsgem\u00e4\u00dfe Durchf\u00fchrung des Vertrages \u00fcberhaupt erst erm\u00f6glicht, deren Verletzung die Erreichung des Vertragszwecks gef\u00e4hrdet und auf deren Einhaltung der Vertragspartner regelm\u00e4\u00dfig vertrauen darf.<\/p>\n\n\n\n<p>Die Haftung f\u00fcr alle \u00fcbrigen Sch\u00e4den ist ausgeschlossen.<\/p>\n\n\n\n<p><strong>\u00a7 6 Widerrufsrecht<\/strong><\/p>\n\n\n\n<p>Ist der Vertragspartner Unternehmer hat er kein Widerrufsrecht. Das Widerrufsrecht gilt nur f\u00fcr Verbraucher.<\/p>\n\n\n\n<p><strong>Widerrufsbelehrung<\/strong><\/p>\n\n\n\n<p>Sie k\u00f6nnen Ihre Vertragserkl\u00e4rung innerhalb von 14 Tagen ohne Angabe von Gr\u00fcnden in Textform (z.B. Brief, Fax, E-Mail) widerrufen. Die Frist beginnt nach Erhalt dieser Belehrung in Textform, jedoch nicht vor Vertragsschluss und auch nicht vor Erf\u00fcllung unserer Informationspflichten gem\u00e4\u00df Artikel 246 \u00a7 2 in Verbindung mit \u00a7 1 Abs. 1 und 2 EGBGB sowie unserer Pflichten gem\u00e4\u00df \u00a7 312e Abs. 1 Satz 1 BGB in Verbindung mit Artikel 246 \u00a7 3 EGBGB.<\/p>\n\n\n\n<p>Der Widerruf ist zu richten an:<\/p>\n\n\n\n<p>Jugendweihegemeinschaft e.V. Nordhausen<\/p>\n\n\n\n<p>Vor dem Dorf 9a&nbsp; 99734 Nordhausen<\/p>\n\n\n\n<p>oder der per Mail an: <a href=\"mailto:info@jugendweihegemeinschaft.de\">info@jugendweihegemeinschaft.de<\/a><\/p>\n\n\n\n<p>Widerrufsfolgen<\/p>\n\n\n\n<p>Im Falle eines wirksamen Widerrufs sind die beiderseits empfangenen Leistungen zur\u00fcckzugew\u00e4hren und ggf. gezogene Nutzungen (z. B. Zinsen) herauszugeben. K\u00f6nnen Sie uns die empfangene Leistung ganz oder teilweise nicht oder nur in verschlechtertem Zustand zur\u00fcckgew\u00e4hren, m\u00fcssen Sie uns insoweit ggf. Wertersatz leisten. Verpflichtungen zur Erstattung von Zahlungen m\u00fcssen innerhalb von 30 Tagen erf\u00fcllt werden. Die Frist beginnt f\u00fcr Sie mit der Absendung Ihrer Widerrufserkl\u00e4rung, f\u00fcr uns mit deren Empfang.<\/p>\n\n\n\n<p><strong>Besondere Hinweise<\/strong><\/p>\n\n\n\n<p>Ihr Widerrufsrecht erlischt vorzeitig, wenn der Vertrag von beiden Seiten auf Ihren ausdr\u00fccklichen Wunsch vollst\u00e4ndig erf\u00fcllt ist, bevor Sie Ihr Widerrufsrecht ausge\u00fcbt haben.<\/p>\n\n\n\n<p><strong>Ende der Widerrufsbelehrung \u00a7 7 M\u00e4ngelhaftung<\/strong><\/p>\n\n\n\n<p>Die Anspr\u00fcche des Vertragspartners bei M\u00e4ngeln richten sich nach den gesetzlichen Vorschriften.<\/p>\n\n\n\n<p><strong>\u00a7 8 Aufrechnungsverbot<\/strong><\/p>\n\n\n\n<p>Gegen Forderungen der Jugendweihegemeinschaft e.V. Nordhausen ist die Aufrechnung ausgeschlossen, es sei denn, die Forderung des Vertragspartners ist unstreitig, rechtskr\u00e4ftig festgestellt oder entscheidungsreif.<\/p>\n\n\n\n<p><strong>\u00a7 9 Fotorechte<\/strong><\/p>\n\n\n\n<p>Alle durch die Jugendweihegemeinschaft erstellten Video, -Ton und Fotoaufnahmen dienen ausschlie\u00dflich der Werbung f\u00fcr Internet und Presse. Der Verein darf dieses Material ver\u00f6ffentlichen und zu seinem Zweck archivieren. Eine Weitergabe an Dritte erfolgt nur nach Zustimmung der Eltern. Ausgenommen ist der Videoverkauf an die Eltern selbst.<\/p>\n\n\n\n<p><strong>\u00a7 10 Schlussbestimmungen<\/strong><\/p>\n\n\n\n<p>Der zwischen der Jugendweihegemeinschaft e.V. Nordhausen und dem Interessenten geschlossene Vertrag unterliegt deutschem Recht. Die Geltung des UN-Kaufrechts wird ausgeschlossen.<\/p>\n\n\n\n<p>Ist der Vertragspartner Kaufmann, juristische Person des \u00f6ffentlichen Rechts oder \u00f6ffentlich- rechtliches Sonderverm\u00f6gen ist ausschlie\u00dflicher Gerichtsstand f\u00fcr alle aus dem Vertragsverh\u00e4ltnis unmittelbar oder mittelbar resultierenden Streitig-keiten, derjenige der sich aus dem Vereinssitz von Jugendweihegemeinschaft e.V. Nordhausen zum Zeitpunkt des Vertragsschlusses ergibt. Gleiches gilt wenn der Vertragspartner keinen allgemeinen Gerichtsstand im Inland hat, er nach Vertragsabschluss seinen Wohnsitz oder gew\u00f6hnlichen Aufenthalt in das Ausland verlegt hat oder sein Wohnsitz oder gew\u00f6hnlicher Aufenthaltsort zum Zeitpunkt der Klageerhebung unbekannt ist.<\/p>\n\n\n\n<p>Sollten einzelne oder mehrere Regelungen dieser Gesch\u00e4ftsbedingungen ganz oder teilweise unwirksam sein oder werden, bleibt der Vertrag im \u00dcbrigen wirksam. Anstelle der unwirksamen oder fehlenden Bestimmungen treten die jeweiligen gesetzlichen Regelungen.<\/p>\n","protected":false},"excerpt":{"rendered":"<p>Allgemeine Gesch\u00e4ftsbedingungen der Jugendweihegemeinschaft e.V. Nordhausen \u00a7 1 Geltungsbereich \/ Anbieter Anbieter und Vertragspartner ist &nbsp;die Jugendweihegemeinschaft e.V. Nordhausen. Alle [&hellip;]<\/p>\n","protected":false},"author":4,"featured_media":0,"parent":0,"menu_order":0,"comment_status":"closed","ping_status":"closed","template":"","meta":{"_uag_custom_page_level_css":"","site-sidebar-layout":"default","site-content-layout":"","ast-site-content-layout":"default","site-content-style":"default","site-sidebar-style":"default","ast-global-header-display":"","ast-banner-title-visibility":"","ast-main-header-display":"","ast-hfb-above-header-display":"","ast-hfb-below-header-display":"","ast-hfb-mobile-header-display":"","site-post-title":"","ast-breadcrumbs-content":"","ast-featured-img":"","footer-sml-layout":"","ast-disable-related-posts":"","theme-transparent-header-meta":"","adv-header-id-meta":"","stick-header-meta":"","header-above-stick-meta":"","header-main-stick-meta":"","header-below-stick-meta":"","astra-migrate-meta-layouts":"default","ast-page-background-enabled":"default","ast-page-background-meta":{"desktop":{"background-color":"var(--ast-global-color-4)","background-image":"","background-repeat":"repeat","background-position":"center center","background-size":"auto","background-attachment":"scroll","background-type":"","background-media":"","overlay-type":"","overlay-color":"","overlay-opacity":"","overlay-gradient":""},"tablet":{"background-color":"","background-image":"","background-repeat":"repeat","background-position":"center center","background-size":"auto","background-attachment":"scroll","background-type":"","background-media":"","overlay-type":"","overlay-color":"","overlay-opacity":"","overlay-gradient":""},"mobile":{"background-color":"","background-image":"","background-repeat":"repeat","background-position":"center center","background-size":"auto","background-attachment":"scroll","background-type":"","background-media":"","overlay-type":"","overlay-color":"","overlay-opacity":"","overlay-gradient":""}},"ast-content-background-meta":{"desktop":{"background-color":"var(--ast-global-color-5)","background-image":"","background-repeat":"repeat","background-position":"center center","background-size":"auto","background-attachment":"scroll","background-type":"","background-media":"","overlay-type":"","overlay-color":"","overlay-opacity":"","overlay-gradient":""},"tablet":{"background-color":"var(--ast-global-color-5)","background-image":"","background-repeat":"repeat","background-position":"center center","background-size":"auto","background-attachment":"scroll","background-type":"","background-media":"","overlay-type":"","overlay-color":"","overlay-opacity":"","overlay-gradient":""},"mobile":{"background-color":"var(--ast-global-color-5)","background-image":"","background-repeat":"repeat","background-position":"center center","background-size":"auto","background-attachment":"scroll","background-type":"","background-media":"","overlay-type":"","overlay-color":"","overlay-opacity":"","overlay-gradient":""}},"footnotes":""},"class_list":["post-467","page","type-page","status-publish","hentry"],"uagb_featured_image_src":{"full":false,"thumbnail":false,"medium":false,"medium_large":false,"large":false,"1536x1536":false,"2048x2048":false},"uagb_author_info":{"display_name":"bartlos","author_link":"https:\/\/www.jugendweihegemeinschaft.de\/webseite\/author\/aygfkqdlwrvb\/"},"uagb_comment_info":0,"uagb_excerpt":"Allgemeine Gesch\u00e4ftsbedingungen der Jugendweihegemeinschaft e.V. Nordhausen \u00a7 1 Geltungsbereich \/ Anbieter Anbieter und Vertragspartner ist &nbsp;die Jugendweihegemeinschaft e.V. Nordhausen. Alle [&hellip;]","_links":{"self":[{"href":"https:\/\/www.jugendweihegemeinschaft.de\/webseite\/wp-json\/wp\/v2\/pages\/467","targetHints":{"allow":["GET"]}}],"collection":[{"href":"https:\/\/www.jugendweihegemeinschaft.de\/webseite\/wp-json\/wp\/v2\/pages"}],"about":[{"href":"https:\/\/www.jugendweihegemeinschaft.de\/webseite\/wp-json\/wp\/v2\/types\/page"}],"author":[{"embeddable":true,"href":"https:\/\/www.jugendweihegemeinschaft.de\/webseite\/wp-json\/wp\/v2\/users\/4"}],"replies":[{"embeddable":true,"href":"https:\/\/www.jugendweihegemeinschaft.de\/webseite\/wp-json\/wp\/v2\/comments?post=467"}],"version-history":[{"count":1,"href":"https:\/\/www.jugendweihegemeinschaft.de\/webseite\/wp-json\/wp\/v2\/pages\/467\/revisions"}],"predecessor-version":[{"id":468,"href":"https:\/\/www.jugendweihegemeinschaft.de\/webseite\/wp-json\/wp\/v2\/pages\/467\/revisions\/468"}],"wp:attachment":[{"href":"https:\/\/www.jugendweihegemeinschaft.de\/webseite\/wp-json\/wp\/v2\/media?parent=467"}],"curies":[{"name":"wp","href":"https:\/\/api.w.org\/{rel}","templated":true}]}}